{"id":231,"date":"2021-03-30T16:31:15","date_gmt":"2021-03-30T16:31:15","guid":{"rendered":"https:\/\/www.aparcamentjoanvila.com\/?page_id=231"},"modified":"2026-04-10T03:27:56","modified_gmt":"2026-04-10T03:27:56","slug":"trasteros","status":"publish","type":"page","link":"https:\/\/www.aparcamentjoanvila.com\/index.php\/trasteros\/","title":{"rendered":"Trasteros"},"content":{"rendered":"\t\t<div data-elementor-type=\"wp-page\" data-elementor-id=\"231\" class=\"elementor elementor-231\">\n\t\t\t\t\t\t\t\t\t<section class=\"elementor-section elementor-top-section elementor-element elementor-element-29df8399 elementor-section-boxed elementor-section-height-default elementor-section-height-default\" data-id=\"29df8399\" data-element_type=\"section\">\n\t\t\t\t\t\t<div class=\"elementor-container elementor-column-gap-default\">\n\t\t\t\t\t<div class=\"elementor-column elementor-col-100 elementor-top-column elementor-element elementor-element-4d8436b8\" data-id=\"4d8436b8\" data-element_type=\"column\">\n\t\t\t<div class=\"elementor-widget-wrap elementor-element-populated\">\n\t\t\t\t\t\t\t\t<div class=\"elementor-element elementor-element-2f07edcf elementor-widget elementor-widget-text-editor\" data-id=\"2f07edcf\" data-element_type=\"widget\" data-widget_type=\"text-editor.default\">\n\t\t\t\t<div class=\"elementor-widget-container\">\n\t\t\t\t\t\t\t<p><!-- wp:paragraph {\"backgroundColor\":\"vivid-green-cyan\",\"fontSize\":\"large\"} --><\/p>\n<p class=\"has-vivid-green-cyan-background-color has-background has-large-font-size\"><strong>TRASTEROS&nbsp;<\/strong><strong>En la actualidad todos nuestros trasteros est\u00e1n completos. Estamos ampliando nuestra oferta. Gracias.<\/strong><\/p>\n<p><!-- \/wp:paragraph --><!-- wp:paragraph --><\/p>\n<p><!-- \/wp:paragraph --><\/p>\t\t\t\t\t\t<\/div>\n\t\t\t\t<\/div>\n\t\t\t\t<div class=\"elementor-element elementor-element-324c146 elementor-widget elementor-widget-image\" data-id=\"324c146\" data-element_type=\"widget\" data-widget_type=\"image.default\">\n\t\t\t\t<div class=\"elementor-widget-container\">\n\t\t\t\t\t\t\t\t\t\t\t\t\t\t\t<img fetchpriority=\"high\" decoding=\"async\" width=\"969\" height=\"519\" src=\"https:\/\/www.aparcamentjoanvila.com\/wp-content\/uploads\/2026\/04\/Trasteros-BCN-trastero-barcelona.jpg\" class=\"attachment-large size-large wp-image-295\" alt=\"\" srcset=\"https:\/\/www.aparcamentjoanvila.com\/wp-content\/uploads\/2026\/04\/Trasteros-BCN-trastero-barcelona.jpg 969w, https:\/\/www.aparcamentjoanvila.com\/wp-content\/uploads\/2026\/04\/Trasteros-BCN-trastero-barcelona-300x161.jpg 300w, https:\/\/www.aparcamentjoanvila.com\/wp-content\/uploads\/2026\/04\/Trasteros-BCN-trastero-barcelona-768x411.jpg 768w, https:\/\/www.aparcamentjoanvila.com\/wp-content\/uploads\/2026\/04\/Trasteros-BCN-trastero-barcelona-230x123.jpg 230w, https:\/\/www.aparcamentjoanvila.com\/wp-content\/uploads\/2026\/04\/Trasteros-BCN-trastero-barcelona-350x187.jpg 350w, https:\/\/www.aparcamentjoanvila.com\/wp-content\/uploads\/2026\/04\/Trasteros-BCN-trastero-barcelona-480x257.jpg 480w\" sizes=\"(max-width: 969px) 100vw, 969px\" \/>\t\t\t\t\t\t\t\t\t\t\t\t\t\t\t<\/div>\n\t\t\t\t<\/div>\n\t\t\t\t\t<\/div>\n\t\t<\/div>\n\t\t\t\t\t\t\t<\/div>\n\t\t<\/section>\n\t\t\t\t<section class=\"elementor-section elementor-top-section elementor-element elementor-element-583eac6 elementor-section-boxed elementor-section-height-default elementor-section-height-default\" data-id=\"583eac6\" data-element_type=\"section\">\n\t\t\t\t\t\t<div class=\"elementor-container elementor-column-gap-default\">\n\t\t\t\t\t<div class=\"elementor-column elementor-col-100 elementor-top-column elementor-element elementor-element-4e8daf8\" data-id=\"4e8daf8\" data-element_type=\"column\">\n\t\t\t<div class=\"elementor-widget-wrap elementor-element-populated\">\n\t\t\t\t\t\t\t\t<div class=\"elementor-element elementor-element-e34798a elementor-widget elementor-widget-heading\" data-id=\"e34798a\" data-element_type=\"widget\" data-widget_type=\"heading.default\">\n\t\t\t\t<div class=\"elementor-widget-container\">\n\t\t\t<h2 class=\"elementor-heading-title elementor-size-default\">Para m\u00e1s informaci\u00f3n <br>cont\u00e1ctanos en el 678.25.99.92<\/h2>\t\t<\/div>\n\t\t\t\t<\/div>\n\t\t\t\t\t<\/div>\n\t\t<\/div>\n\t\t\t\t\t\t\t<\/div>\n\t\t<\/section>\n\t\t\t\t<section class=\"elementor-section elementor-top-section elementor-element elementor-element-501fc92 elementor-section-boxed elementor-section-height-default elementor-section-height-default\" data-id=\"501fc92\" data-element_type=\"section\">\n\t\t\t\t\t\t<div class=\"elementor-container elementor-column-gap-default\">\n\t\t\t\t\t<div class=\"elementor-column elementor-col-100 elementor-top-column elementor-element elementor-element-8bd83db\" data-id=\"8bd83db\" data-element_type=\"column\">\n\t\t\t<div class=\"elementor-widget-wrap elementor-element-populated\">\n\t\t\t\t\t\t\t\t<div class=\"elementor-element elementor-element-f83b801 elementor-widget elementor-widget-google_maps\" data-id=\"f83b801\" data-element_type=\"widget\" data-widget_type=\"google_maps.default\">\n\t\t\t\t<div class=\"elementor-widget-container\">\n\t\t\t\t\t<div class=\"elementor-custom-embed\">\n\t\t\t<iframe loading=\"lazy\"\n\t\t\t\t\tsrc=\"https:\/\/maps.google.com\/maps?q=Carrer%20del%20Tibidabo%2C%2044&#038;t=m&#038;z=10&#038;output=embed&#038;iwloc=near\"\n\t\t\t\t\ttitle=\"Carrer del Tibidabo, 44\"\n\t\t\t\t\taria-label=\"Carrer del Tibidabo, 44\"\n\t\t\t><\/iframe>\n\t\t<\/div>\n\t\t\t\t<\/div>\n\t\t\t\t<\/div>\n\t\t\t\t\t<\/div>\n\t\t<\/div>\n\t\t\t\t\t\t\t<\/div>\n\t\t<\/section>\n\t\t\t\t\t\t\t<\/div>\n\t\t","protected":false},"excerpt":{"rendered":"<p>TRASTEROS&nbsp;En la actualidad todos nuestros trasteros est\u00e1n completos. Estamos ampliando nuestra oferta. Gracias. Para m\u00e1s informaci\u00f3n cont\u00e1ctanos en el 678.25.99.92<\/p>\n","protected":false},"author":1,"featured_media":0,"parent":0,"menu_order":0,"comment_status":"closed","ping_status":"closed","template":"","meta":{"_joinchat":[],"footnotes":""},"class_list":["post-231","page","type-page","status-publish","hentry"],"_links":{"self":[{"href":"https:\/\/www.aparcamentjoanvila.com\/index.php\/wp-json\/wp\/v2\/pages\/231","targetHints":{"allow":["GET"]}}],"collection":[{"href":"https:\/\/www.aparcamentjoanvila.com\/index.php\/wp-json\/wp\/v2\/pages"}],"about":[{"href":"https:\/\/www.aparcamentjoanvila.com\/index.php\/wp-json\/wp\/v2\/types\/page"}],"author":[{"embeddable":true,"href":"https:\/\/www.aparcamentjoanvila.com\/index.php\/wp-json\/wp\/v2\/users\/1"}],"replies":[{"embeddable":true,"href":"https:\/\/www.aparcamentjoanvila.com\/index.php\/wp-json\/wp\/v2\/comments?post=231"}],"version-history":[{"count":19,"href":"https:\/\/www.aparcamentjoanvila.com\/index.php\/wp-json\/wp\/v2\/pages\/231\/revisions"}],"predecessor-version":[{"id":316,"href":"https:\/\/www.aparcamentjoanvila.com\/index.php\/wp-json\/wp\/v2\/pages\/231\/revisions\/316"}],"wp:attachment":[{"href":"https:\/\/www.aparcamentjoanvila.com\/index.php\/wp-json\/wp\/v2\/media?parent=231"}],"curies":[{"name":"wp","href":"https:\/\/api.w.org\/{rel}","templated":true}]}}